{"id":8,"date":"2020-06-15T13:56:18","date_gmt":"2020-06-15T13:56:18","guid":{"rendered":"https:\/\/knf.pan.pl\/?page_id=8"},"modified":"2020-12-31T12:49:19","modified_gmt":"2020-12-31T12:49:19","slug":"komisje","status":"publish","type":"page","link":"https:\/\/oldknf.pan.pl\/?page_id=8","title":{"rendered":"Komisje"},"content":{"rendered":"\n<h1 id=\"page-title\">Komisja ds. bada\u0144 w zakresie filozofii i ich upowszechniania<\/h1>\n\n\n\n<p>Przewodnicz\u0105cy: dr hab. Marcin Mi\u0142kowski, prof. PAN<\/p>\n\n\n\n<p>Cz\u0142onkowie: prof. dr hab. Arkadiusz Chrudzimski, prof. dr hab. Dariusz \u0141ukasiewicz, prof. dr hab. Pawe\u0142 Kawalec<\/p>\n\n\n\n<h1 id=\"page-title\">Komisja ds. kszta\u0142cenia w zakresie filozofii i etyki<\/h1>\n\n\n\n<p>Przewodnicz\u0105cy: dr hab. Artur Szutta, prof. UG<\/p>\n\n\n\n<p>Cz\u0142onkowie: prof. dr hab. Anna Bro\u017cek, prof. dr hab. Adam Grobler, prof. dr hab. Ryszard Kleszcz, prof. dr hab. Dariusz \u0141ukasiewicz, prof. dr hab. Justyna Miklaszewska, prof. dr hab. Aldona Pobojewska, dr Maria Pleskaczy\u0144ska<\/p>\n","protected":false},"excerpt":{"rendered":"<p>Komisja ds. bada\u0144 w zakresie filozofii i ich upowszechniania Przewodnicz\u0105cy: dr hab. Marcin Mi\u0142kowski, prof. PAN Cz\u0142onkowie: prof. dr hab. Arkadiusz Chrudzimski, prof. dr hab. Dariusz \u0141ukasiewicz, prof. dr hab. Pawe\u0142 Kawalec Komisja ds. kszta\u0142cenia w zakresie filozofii i etyki Przewodnicz\u0105cy: dr hab. Artur Szutta, prof. UG Cz\u0142onkowie: prof. dr hab. Anna Bro\u017cek, prof. dr &hellip; <a href=\"https:\/\/oldknf.pan.pl\/?page_id=8\" class=\"more-link\">Czytaj dalej<span class=\"screen-reader-text\"> Komisje<\/span><\/a><\/p>\n","protected":false},"author":2,"featured_media":0,"parent":0,"menu_order":0,"comment_status":"closed","ping_status":"closed","template":"","meta":[],"_links":{"self":[{"href":"https:\/\/oldknf.pan.pl\/index.php?rest_route=\/wp\/v2\/pages\/8"}],"collection":[{"href":"https:\/\/oldknf.pan.pl\/index.php?rest_route=\/wp\/v2\/pages"}],"about":[{"href":"https:\/\/oldknf.pan.pl\/index.php?rest_route=\/wp\/v2\/types\/page"}],"author":[{"embeddable":true,"href":"https:\/\/oldknf.pan.pl\/index.php?rest_route=\/wp\/v2\/users\/2"}],"replies":[{"embeddable":true,"href":"https:\/\/oldknf.pan.pl\/index.php?rest_route=%2Fwp%2Fv2%2Fcomments&post=8"}],"version-history":[{"count":3,"href":"https:\/\/oldknf.pan.pl\/index.php?rest_route=\/wp\/v2\/pages\/8\/revisions"}],"predecessor-version":[{"id":129,"href":"https:\/\/oldknf.pan.pl\/index.php?rest_route=\/wp\/v2\/pages\/8\/revisions\/129"}],"wp:attachment":[{"href":"https:\/\/oldknf.pan.pl\/index.php?rest_route=%2Fwp%2Fv2%2Fmedia&parent=8"}],"curies":[{"name":"wp","href":"https:\/\/api.w.org\/{rel}","templated":true}]}}