{"id":54,"date":"2020-07-11T05:57:12","date_gmt":"2020-07-11T05:57:12","guid":{"rendered":"https:\/\/knf.pan.pl\/?page_id=54"},"modified":"2021-02-01T07:56:37","modified_gmt":"2021-02-01T07:56:37","slug":"linki","status":"publish","type":"page","link":"https:\/\/oldknf.pan.pl\/?page_id=54","title":{"rendered":"Linki"},"content":{"rendered":"\n<p><em>Dzia\u0142 popularnonaukowego czasopisma \u201eFilozofuj!\u201d publikuj\u0105cy g\u0142osy w sprawach wa\u017cnych dla \u015brodowiska filozoficznego<\/em>:<\/p>\n\n\n\n<figure class=\"wp-block-embed-wordpress wp-block-embed is-type-wp-embed is-provider-filozofuj\"><div class=\"wp-block-embed__wrapper\">\n<blockquote class=\"wp-embedded-content\" data-secret=\"y08qUKHKhU\"><a href=\"https:\/\/filozofuj.eu\/sprawy-filozofow\/\">Sprawy filozof\u00f3w<\/a><\/blockquote><iframe class=\"wp-embedded-content\" sandbox=\"allow-scripts\" security=\"restricted\" style=\"position: absolute; clip: rect(1px, 1px, 1px, 1px);\" title=\"&#8222;Sprawy filozof\u00f3w&#8221; &#8212; Filozofuj!\" src=\"https:\/\/filozofuj.eu\/sprawy-filozofow\/embed\/#?secret=y08qUKHKhU\" data-secret=\"y08qUKHKhU\" width=\"600\" height=\"338\" frameborder=\"0\" marginwidth=\"0\" marginheight=\"0\" scrolling=\"no\"><\/iframe>\n<\/div><\/figure>\n\n\n\n<hr class=\"wp-block-separator\"\/>\n\n\n\n<p><em>Wywiady z nestorami polskiej filozofii:<\/em><\/p>\n\n\n\n<p><a href=\"https:\/\/academicon.pl\/category\/aktualnosci\/wywiady\/\">https:\/\/academicon.pl\/category\/aktualnosci\/wywiady\/<\/a><\/p>\n\n\n\n<hr class=\"wp-block-separator\"\/>\n\n\n\n<p><em>Strona dla os\u00f3b zainteresowanych studiami filozoficznymi:<\/em><\/p>\n\n\n\n<figure class=\"wp-block-embed-wordpress wp-block-embed is-type-wp-embed is-provider-portal-academicon\"><div class=\"wp-block-embed__wrapper\">\n<blockquote class=\"wp-embedded-content\" data-secret=\"IobWiPPqWu\"><a href=\"https:\/\/academicon.pl\/studiuj-filozofie\/\">Studiuj filozofi\u0119<\/a><\/blockquote><iframe class=\"wp-embedded-content\" sandbox=\"allow-scripts\" security=\"restricted\" style=\"position: absolute; clip: rect(1px, 1px, 1px, 1px);\" title=\"&#8222;Studiuj filozofi\u0119&#8221; &#8212; Portal Academicon\" src=\"https:\/\/academicon.pl\/studiuj-filozofie\/embed\/#?secret=IobWiPPqWu\" data-secret=\"IobWiPPqWu\" width=\"600\" height=\"338\" frameborder=\"0\" marginwidth=\"0\" marginheight=\"0\" scrolling=\"no\"><\/iframe>\n<\/div><\/figure>\n","protected":false},"excerpt":{"rendered":"<p>Dzia\u0142 popularnonaukowego czasopisma \u201eFilozofuj!\u201d publikuj\u0105cy g\u0142osy w sprawach wa\u017cnych dla \u015brodowiska filozoficznego: Wywiady z nestorami polskiej filozofii: https:\/\/academicon.pl\/category\/aktualnosci\/wywiady\/ Strona dla os\u00f3b zainteresowanych studiami filozoficznymi:<\/p>\n","protected":false},"author":2,"featured_media":0,"parent":0,"menu_order":0,"comment_status":"closed","ping_status":"closed","template":"","meta":[],"_links":{"self":[{"href":"https:\/\/oldknf.pan.pl\/index.php?rest_route=\/wp\/v2\/pages\/54"}],"collection":[{"href":"https:\/\/oldknf.pan.pl\/index.php?rest_route=\/wp\/v2\/pages"}],"about":[{"href":"https:\/\/oldknf.pan.pl\/index.php?rest_route=\/wp\/v2\/types\/page"}],"author":[{"embeddable":true,"href":"https:\/\/oldknf.pan.pl\/index.php?rest_route=\/wp\/v2\/users\/2"}],"replies":[{"embeddable":true,"href":"https:\/\/oldknf.pan.pl\/index.php?rest_route=%2Fwp%2Fv2%2Fcomments&post=54"}],"version-history":[{"count":3,"href":"https:\/\/oldknf.pan.pl\/index.php?rest_route=\/wp\/v2\/pages\/54\/revisions"}],"predecessor-version":[{"id":137,"href":"https:\/\/oldknf.pan.pl\/index.php?rest_route=\/wp\/v2\/pages\/54\/revisions\/137"}],"wp:attachment":[{"href":"https:\/\/oldknf.pan.pl\/index.php?rest_route=%2Fwp%2Fv2%2Fmedia&parent=54"}],"curies":[{"name":"wp","href":"https:\/\/api.w.org\/{rel}","templated":true}]}}