{"id":5,"date":"2020-06-15T13:53:47","date_gmt":"2020-06-15T13:53:47","guid":{"rendered":"https:\/\/knf.pan.pl\/?page_id=5"},"modified":"2024-03-28T11:00:40","modified_gmt":"2024-03-28T11:00:40","slug":"czlonkowie-komitetu-nauk-filozoficznych-pan","status":"publish","type":"page","link":"https:\/\/oldknf.pan.pl\/?page_id=5","title":{"rendered":"Cz\u0142onkowie"},"content":{"rendered":"\n<h3>Kadencja 2024-2027<\/h3>\n\n\n\n<p>dr hab. Gabriela Besler, Uniwersytet \u015al\u0105ski w Katowicach (<a rel=\"noreferrer noopener\" href=\"https:\/\/us.edu.pl\/instytut\/ifil\/osoby\/gabriela-besler\/\" target=\"_blank\">strona www<\/a>)<\/p>\n\n\n\n<p>prof. dr hab. Adam Chmielewski, Uniwersytet Wroc\u0142awski<\/p>\n\n\n\n<p>prof. dr hab. Arkadiusz Chrudzimski, Uniwersytet Jagiello\u0144ski w Krakowie (<a href=\"https:\/\/uj-pl.academia.edu\/ArkadiuszChrudzimski\" target=\"_blank\" rel=\"noreferrer noopener\">strona www<\/a>)<\/p>\n\n\n\n<p>prof. dr hab. Adam Grobler, Uniwersytet Opolski<\/p>\n\n\n\n<p>prof. dr hab. Piotr Gutowski, Katolicki Uniwersytet Lubelski Jana Paw\u0142a II w Lublinie<\/p>\n\n\n\n<p>dr hab. Tomasz Homa, Akademia Ignatianum w Krakowie (<a href=\"https:\/\/tomaszhoma.academia.edu\/\" target=\"_blank\" rel=\"noreferrer noopener\">strona www<\/a>)<\/p>\n\n\n\n<p>dr hab. Janusz Kaczmarek, Uniwersytet \u0141\u00f3dzki<\/p>\n\n\n\n<p>dr hab. Andrzej Maciej Kaniowski, Uniwersytet \u0141\u00f3dzki<\/p>\n\n\n\n<p>prof. dr hab. Leszek Koczanowicz, Uniwersytet SWPS w Warszawie (<a href=\"https:\/\/swps.pl\/leszek-koczanowicz\" target=\"_blank\" rel=\"noreferrer noopener\">strona www<\/a>)<\/p>\n\n\n\n<p>dr hab. Tomasz Kubalica, Uniwersytet \u015al\u0105ski w Katowicach (<a href=\"https:\/\/us.edu.pl\/instytut\/ifil\/osoby\/tomasz-kubalica\/\" target=\"_blank\" rel=\"noreferrer noopener\">strona www<\/a>)<\/p>\n\n\n\n<p>prof. dr hab. Roman Kubicki, Uniwersytet im. Adama Mickiewicza w Poznaniu<\/p>\n\n\n\n<p>prof. dr hab. Piotr Kulicki, Katolicki Uniwersytet Lubelski Jana Paw\u0142a II w Lublinie (<a rel=\"noreferrer noopener\" href=\"https:\/\/pracownik.kul.pl\/Piotr.Kulicki\" target=\"_blank\">strona www<\/a>)<\/p>\n\n\n\n<p>prof. dr hab. Dariusz \u0141ukasiewicz, Uniwersytet Kazimierza Wielkiego w Bydgoszczy<\/p>\n\n\n\n<p>prof. dr hab. Pawe\u0142 \u0141uk\u00f3w, Uniwersytet Warszawski<\/p>\n\n\n\n<p>prof. dr hab. Justyna Miklaszewska, Uniwersytet Jagiello\u0144ski w Krakowie (<a href=\"https:\/\/filozofia.uj.edu.pl\/pl_PL\/justyna-miklaszewska\" target=\"_blank\" rel=\"noreferrer noopener\">strona www<\/a>)<\/p>\n\n\n\n<p>dr hab. Marcin Mi\u0142kowski, Instytut Filozofii i Socjologii Polskiej Akademii Nauk (<a rel=\"noreferrer noopener\" href=\"https:\/\/marcinmilkowski.pl\/\" target=\"_blank\">strona www<\/a>)<\/p>\n\n\n\n<p>dr hab. Ryszard Mordarski, Uniwersytet Kazimierza Wielkiego w Bydgoszczy (<a href=\"https:\/\/www.ukw.edu.pl\/pracownicy\/strona\/ryszard_mordarski\/\" target=\"_blank\" rel=\"noreferrer noopener\">strona www<\/a>)<\/p>\n\n\n\n<p>prof. dr hab. Roman Murawski, Uniwersytet im. Adama Mickiewicza w Poznaniu (<a href=\"http:\/\/logika.home.amu.edu.pl\/murawski_dane.php\" target=\"_blank\" rel=\"noreferrer noopener\">strona www<\/a>)<\/p>\n\n\n\n<p>prof. dr hab. Joanna Odrow\u0105\u017c-Sypniewska, Uniwersytet Warszawski (<a href=\"https:\/\/odrowazsypniewska.wixsite.com\/home\" data-type=\"URL\" data-id=\"https:\/\/odrowazsypniewska.wixsite.com\/home\">strona www<\/a>)<\/p>\n\n\n\n<p>dr hab. Micha\u0142 Piekarski,  Uniwersytet Kardyna\u0142a Stefana Wyszy\u0144skiego w Warszawie (<a href=\"https:\/\/www.filozofia.uksw.edu.pl\/node\/196\" target=\"_blank\" rel=\"noreferrer noopener\">strona www<\/a>) <\/p>\n\n\n\n<p>prof. dr hab. Wojciech Sady (<a href=\"http:\/\/www.sady.up.krakow.pl\/\" target=\"_blank\" rel=\"noreferrer noopener\">strona www<\/a>)<\/p>\n\n\n\n<p>prof. dr hab. Tadeusz Szubka, Stefan Uniwersytet Szczeci\u0144ski (<a rel=\"noreferrer noopener\" href=\"https:\/\/szczecin.academia.edu\/TadeuszSzubka\" target=\"_blank\">strona www<\/a>)<\/p>\n\n\n\n<p>dr hab. Artur Szutta, Uniwersytet Gda\u0144ski<\/p>\n\n\n\n<p>dr hab. Adam \u015awie\u017cy\u0144ski, Uniwersytet Kardyna\u0142a Stefana Wyszy\u0144skiego w Warszawie (<a href=\"https:\/\/sites.google.com\/view\/adamswiezynski\/\" target=\"_blank\" rel=\"noreferrer noopener\">strona www<\/a>)<\/p>\n\n\n\n<p>dr hab. Kordula \u015awi\u0119torzecka, Uniwersytet Kardyna\u0142a Stefana Wyszy\u0144skiego w Warszawie (<a href=\"https:\/\/filozofia.uksw.edu.pl\/node\/128\" target=\"_blank\" rel=\"noreferrer noopener\">strona www<\/a>)<\/p>\n\n\n\n<p>dr hab. Monika Walczak, Katolicki Uniwersytet Lubelski Jana Paw\u0142a II w Lublinie<\/p>\n\n\n\n<p>prof. dr hab. Jan Wole\u0144ski (cz\u0142onek rzeczywisty PAN), Wy\u017csza Szko\u0142a Informatyki i Zarz\u0105dzania w Rzeszowie (<a rel=\"noreferrer noopener\" href=\"https:\/\/wsiz.edu.pl\/?s=Jan+Wole%C5%84ski\" target=\"_blank\">strona www<\/a>)<\/p>\n\n\n\n<p>dr hab. Maciej Wo\u017aniczka, Uniwersytet Humanistyczno-Przyrodniczy im. Jana D\u0142ugosza w Cz\u0119stochowie (<a rel=\"noreferrer noopener\" href=\"http:\/\/www.ifsp.ajd.czest.pl\/323,Wozniczka-Maciej--prof--UJD\" target=\"_blank\">strona www<\/a>) <\/p>\n\n\n\n<p>prof. dr hab. Krzysztof W\u00f3jtowicz, Uniwersytet Warszawski<\/p>\n\n\n\n<p>prof. dr hab. Renata Ziemi\u0144ska, Uniwersytet Szczeci\u0144ski (<a href=\"http:\/\/zieminska.whus.pl\" target=\"_blank\" rel=\"noreferrer noopener\">strona www<\/a>)<\/p>\n\n\n\n<h3>Kadencja 2020-2023<\/h3>\n\n\n\n<p>prof. dr hab. Anna Bro\u017cek, Uniwersytet Warszawski<\/p>\n\n\n\n<p>prof. dr hab. Adam Chmielewski, Uniwersytet Wroc\u0142awski<\/p>\n\n\n\n<p>prof. dr hab. Arkadiusz Chrudzimski, Uniwersytet Jagiello\u0144ski w Krakowie (<a href=\"https:\/\/uj-pl.academia.edu\/ArkadiuszChrudzimski\" target=\"_blank\" rel=\"noreferrer noopener\">strona www<\/a>)<\/p>\n\n\n\n<p>prof. dr hab. W\u0142odzimierz Galewicz (cz\u0142onek PAN), Uniwersytet Jagiello\u0144ski w Krakowie<\/p>\n\n\n\n<p>prof. dr hab. Adam Grobler, Uniwersytet Opolski<\/p>\n\n\n\n<p>prof. dr hab. Adam Grzeli\u0144ski, Uniwersytet Miko\u0142aja Kopernika w Toruniu<\/p>\n\n\n\n<p>prof. dr hab. Piotr Gutowski, Katolicki Uniwersytet Lubelski Jana Paw\u0142a II w Lublinie<\/p>\n\n\n\n<p>dr hab. Tomasz Homa, Akademia Ignatianum w Krakowie (<a href=\"https:\/\/tomaszhoma.academia.edu\/\" target=\"_blank\" rel=\"noreferrer noopener\">strona www<\/a>)<\/p>\n\n\n\n<p>prof. dr hab. El\u017cbieta Jung, Uniwersytet \u0141\u00f3dzki<\/p>\n\n\n\n<p>dr hab. Janusz Kaczmarek, Uniwersytet \u0141\u00f3dzki<\/p>\n\n\n\n<p>dr hab. Andrzej Maciej Kaniowski, Uniwersytet \u0141\u00f3dzki<\/p>\n\n\n\n<p>prof. dr hab. Pawe\u0142 Kawalec, Katolicki Uniwersytet Lubelski Jana Paw\u0142a II w Lublinie (<a href=\"https:\/\/pracownik.kul.pl\/pawel.kawalec\" target=\"_blank\" rel=\"noreferrer noopener\">strona www<\/a>)<\/p>\n\n\n\n<p>prof. dr hab. Ryszard Kleszcz, Uniwersytet \u0141\u00f3dzki<\/p>\n\n\n\n<p>prof. dr hab. Roman Kubicki, Uniwersytet im. Adama Mickiewicza w Poznaniu<\/p>\n\n\n\n<p>prof. dr hab. Dariusz \u0141ukasiewicz, Uniwersytet Kazimierza Wielkiego w Bydgoszczy<\/p>\n\n\n\n<p>prof. dr hab. Pawe\u0142 \u0141uk\u00f3w, Uniwersytet Warszawski<\/p>\n\n\n\n<p>prof. dr hab. Justyna Miklaszewska, Uniwersytet Jagiello\u0144ski w Krakowie (<a href=\"https:\/\/filozofia.uj.edu.pl\/pl_PL\/justyna-miklaszewska\" target=\"_blank\" rel=\"noreferrer noopener\">strona www<\/a>)<\/p>\n\n\n\n<p>dr hab. Marcin Mi\u0142kowski, Instytut Filozofii i Socjologii Polskiej Akademii Nauk (<a href=\"https:\/\/marcinmilkowski.pl\/\" target=\"_blank\" rel=\"noreferrer noopener\">strona www<\/a>)<\/p>\n\n\n\n<p>prof. dr hab. Roman Murawski, Uniwersytet im. Adama Mickiewicza w Poznaniu (<a href=\"http:\/\/logika.home.amu.edu.pl\/murawski_dane.php\" target=\"_blank\" rel=\"noreferrer noopener\">strona www<\/a>)<\/p>\n\n\n\n<p><span style=\"border: 1px solid #000;\">prof. dr hab. Andrzej Jan Noras,<\/span> Uniwersytet \u015al\u0105ski w Katowicach<\/p>\n\n\n\n<p>prof. dr hab. Tereza Obolevich, Uniwersytet Papieski Jana Paw\u0142a II w Krakowie (<a href=\"http:\/\/oldwww.upjp2.edu.pl\/edumod\/pracownik\/33\/\">strona www<\/a>)<\/p>\n\n\n\n<p>prof. dr hab. Joanna Odrow\u0105\u017c-Sypniewska, Uniwersytet Warszawski (<a href=\"https:\/\/odrowazsypniewska.wixsite.com\/home\" data-type=\"URL\" data-id=\"https:\/\/odrowazsypniewska.wixsite.com\/home\">strona www<\/a>)<\/p>\n\n\n\n<p>prof. dr hab. Wojciech Sady (<a href=\"http:\/\/www.sady.up.krakow.pl\/\" target=\"_blank\" rel=\"noreferrer noopener\">strona www<\/a>)<\/p>\n\n\n\n<p>prof. dr hab. Andrzej Szahaj, Uniwersytet Miko\u0142aja Kopernika w Toruniu<\/p>\n\n\n\n<p>prof. dr hab. Tadeusz Szubka, Stefan Uniwersytet Szczeci\u0144ski (<a href=\"https:\/\/szczecin.academia.edu\/TadeuszSzubka\" target=\"_blank\" rel=\"noreferrer noopener\">strona www<\/a>)<\/p>\n\n\n\n<p>dr hab. Artur Szutta, Uniwersytet Gda\u0144ski<\/p>\n\n\n\n<p>dr hab. Adam \u015awie\u017cy\u0144ski, Uniwersytet Kardyna\u0142a Stefana Wyszy\u0144skiego w Warszawie (<a href=\"https:\/\/sites.google.com\/view\/adamswiezynski\/\" target=\"_blank\" rel=\"noreferrer noopener\">strona www<\/a>)<\/p>\n\n\n\n<p>prof. dr hab. W\u0142odzimierz Tyburski, Akademia Pedagogiki Specjalnej im. Marii Grzegorzewskiej w Warszawie<\/p>\n\n\n\n<p>dr hab. Monika Walczak, Katolicki Uniwersytet Lubelski Jana Paw\u0142a II w Lublinie<\/p>\n\n\n\n<p>prof. dr hab. Jan Wole\u0144ski (cz\u0142onek rzeczywisty PAN), Wy\u017csza Szko\u0142a Informatyki i Zarz\u0105dzania w Rzeszowie (<a href=\"https:\/\/wsiz.edu.pl\/?s=Jan+Wole%C5%84ski\" target=\"_blank\" rel=\"noreferrer noopener\">strona www<\/a>)<\/p>\n\n\n\n<p>prof. dr hab. Krzysztof W\u00f3jtowicz, Uniwersytet Warszawski<\/p>\n\n\n\n<p>prof. dr hab. Renata Ziemi\u0144ska, Uniwersytet Szczeci\u0144ski (<a href=\"http:\/\/zieminska.whus.pl\" target=\"_blank\" rel=\"noreferrer noopener\">strona www<\/a>)<\/p>\n\n\n\n<h3>Cz\u0142onkowie honorowi<\/h3>\n\n\n\n<p>prof. dr hab. Jacek Ho\u0142\u00f3wka, Uniwersytet Warszawski<\/p>\n","protected":false},"excerpt":{"rendered":"<p>Kadencja 2024-2027 dr hab. Gabriela Besler, Uniwersytet \u015al\u0105ski w Katowicach (strona www) prof. dr hab. Adam Chmielewski, Uniwersytet Wroc\u0142awski prof. dr hab. Arkadiusz Chrudzimski, Uniwersytet Jagiello\u0144ski w Krakowie (strona www) prof. dr hab. Adam Grobler, Uniwersytet Opolski prof. dr hab. Piotr Gutowski, Katolicki Uniwersytet Lubelski Jana Paw\u0142a II w Lublinie dr hab. Tomasz Homa, Akademia &hellip; <a href=\"https:\/\/oldknf.pan.pl\/?page_id=5\" class=\"more-link\">Czytaj dalej<span class=\"screen-reader-text\"> Cz\u0142onkowie<\/span><\/a><\/p>\n","protected":false},"author":2,"featured_media":0,"parent":0,"menu_order":0,"comment_status":"closed","ping_status":"closed","template":"","meta":[],"_links":{"self":[{"href":"https:\/\/oldknf.pan.pl\/index.php?rest_route=\/wp\/v2\/pages\/5"}],"collection":[{"href":"https:\/\/oldknf.pan.pl\/index.php?rest_route=\/wp\/v2\/pages"}],"about":[{"href":"https:\/\/oldknf.pan.pl\/index.php?rest_route=\/wp\/v2\/types\/page"}],"author":[{"embeddable":true,"href":"https:\/\/oldknf.pan.pl\/index.php?rest_route=\/wp\/v2\/users\/2"}],"replies":[{"embeddable":true,"href":"https:\/\/oldknf.pan.pl\/index.php?rest_route=%2Fwp%2Fv2%2Fcomments&post=5"}],"version-history":[{"count":19,"href":"https:\/\/oldknf.pan.pl\/index.php?rest_route=\/wp\/v2\/pages\/5\/revisions"}],"predecessor-version":[{"id":621,"href":"https:\/\/oldknf.pan.pl\/index.php?rest_route=\/wp\/v2\/pages\/5\/revisions\/621"}],"wp:attachment":[{"href":"https:\/\/oldknf.pan.pl\/index.php?rest_route=%2Fwp%2Fv2%2Fmedia&parent=5"}],"curies":[{"name":"wp","href":"https:\/\/api.w.org\/{rel}","templated":true}]}}