{"id":45,"date":"2020-06-19T07:08:09","date_gmt":"2020-06-19T07:08:09","guid":{"rendered":"https:\/\/knf.pan.pl\/?page_id=45"},"modified":"2024-03-28T10:39:47","modified_gmt":"2024-03-28T10:39:47","slug":"prezydium","status":"publish","type":"page","link":"https:\/\/oldknf.pan.pl\/?page_id=45","title":{"rendered":"Prezydium"},"content":{"rendered":"\n<h3><strong>Kadencja 2024-2027<\/strong><\/h3>\n\n\n\n<p>Przewodnicz\u0105ca:&nbsp;<strong>prof. dr hab. Joanna Odrow\u0105\u017c-Sypniewska<\/strong>&nbsp;(Uniwersytet Warszawski) (<a href=\"https:\/\/odrowazsypniewska.wixsite.com\/home\" data-type=\"URL\" data-id=\"https:\/\/odrowazsypniewska.wixsite.com\/home\">strona www<\/a>)<\/p>\n\n\n\n<p>Wiceprzewodnicz\u0105cy:\u00a0 <strong>prof. dr hab. Dariusz \u0141ukasiewicz<\/strong> (Uniwersytet Kazimierza Wielkiego w Bydgoszczy) <\/p>\n\n\n\n<p>Wiceprzewodnicz\u0105cy:\u00a0<strong>prof. dr hab. Krzysztof W\u00f3jtowicz<\/strong> (Uniwersytet Warszawski)<\/p>\n\n\n\n<p>Cz\u0142onek Prezydium: <strong>dr hab. Artur Szutta, prof. UG<\/strong> (Uniwersytet Gda\u0144ski)<\/p>\n\n\n\n<p>Cz\u0142onek Prezydium:\u00a0<strong>dr hab. Kordula \u015awi\u0119torzecka, prof. UKSW<\/strong> (Uniwersytet Kardyna\u0142a Stefana Wyszy\u0144skiego w Warszawie)<\/p>\n\n\n\n<p>Cz\u0142onek Prezydium:\u00a0<strong>prof. dr hab. Renata Ziemi\u0144ska<\/strong> (Uniwersytet Szczeci\u0144ski)<\/p>\n\n\n\n<hr class=\"wp-block-separator\"\/>\n\n\n\n<h3><strong>Kadencja 2020-2023<\/strong><\/h3>\n\n\n\n<p>Przewodnicz\u0105ca:&nbsp;<strong>prof. dr hab. Joanna Odrow\u0105\u017c-Sypniewska<\/strong>&nbsp;(Uniwersytet Warszawski) (<a href=\"https:\/\/odrowazsypniewska.wixsite.com\/home\" data-type=\"URL\" data-id=\"https:\/\/odrowazsypniewska.wixsite.com\/home\">strona www<\/a>)<\/p>\n\n\n\n<p>Wiceprzewodnicz\u0105cy:\u00a0<strong>dr hab. Marcin Mi\u0142kowski, prof. PAN<\/strong> (Instytut Filozofii i Socjologii PAN)<\/p>\n\n\n\n<p>Wiceprzewodnicz\u0105cy:\u00a0<strong>dr hab. Artur Szutta, prof. UG<\/strong> (Uniwersytet Gda\u0144ski)<\/p>\n\n\n\n<p>Cz\u0142onek Prezydium:\u00a0<strong>prof. dr hab. Renata Ziemi\u0144ska<\/strong> (Uniwersytet Szczeci\u0144ski)<\/p>\n\n\n\n<p>Cz\u0142onek Prezydium: <strong>prof. dr hab. Piotr Gutowski<\/strong> (Katolicki Uniwersytet Lubelski)<\/p>\n\n\n\n<p>Cz\u0142onek Prezydium:\u00a0<strong>prof. dr hab. Dariusz \u0141ukasiewicz<\/strong> (Uniwersytet Kazimierza Wielkiego w Bydgoszczy)<\/p>\n","protected":false},"excerpt":{"rendered":"<p>Kadencja 2024-2027 Przewodnicz\u0105ca:&nbsp;prof. dr hab. Joanna Odrow\u0105\u017c-Sypniewska&nbsp;(Uniwersytet Warszawski) (strona www) Wiceprzewodnicz\u0105cy:\u00a0 prof. dr hab. Dariusz \u0141ukasiewicz (Uniwersytet Kazimierza Wielkiego w Bydgoszczy) Wiceprzewodnicz\u0105cy:\u00a0prof. dr hab. Krzysztof W\u00f3jtowicz (Uniwersytet Warszawski) Cz\u0142onek Prezydium: dr hab. Artur Szutta, prof. UG (Uniwersytet Gda\u0144ski) Cz\u0142onek Prezydium:\u00a0dr hab. Kordula \u015awi\u0119torzecka, prof. UKSW (Uniwersytet Kardyna\u0142a Stefana Wyszy\u0144skiego w Warszawie) Cz\u0142onek Prezydium:\u00a0prof. dr hab. &hellip; <a href=\"https:\/\/oldknf.pan.pl\/?page_id=45\" class=\"more-link\">Czytaj dalej<span class=\"screen-reader-text\"> Prezydium<\/span><\/a><\/p>\n","protected":false},"author":2,"featured_media":0,"parent":0,"menu_order":0,"comment_status":"closed","ping_status":"closed","template":"","meta":[],"_links":{"self":[{"href":"https:\/\/oldknf.pan.pl\/index.php?rest_route=\/wp\/v2\/pages\/45"}],"collection":[{"href":"https:\/\/oldknf.pan.pl\/index.php?rest_route=\/wp\/v2\/pages"}],"about":[{"href":"https:\/\/oldknf.pan.pl\/index.php?rest_route=\/wp\/v2\/types\/page"}],"author":[{"embeddable":true,"href":"https:\/\/oldknf.pan.pl\/index.php?rest_route=\/wp\/v2\/users\/2"}],"replies":[{"embeddable":true,"href":"https:\/\/oldknf.pan.pl\/index.php?rest_route=%2Fwp%2Fv2%2Fcomments&post=45"}],"version-history":[{"count":10,"href":"https:\/\/oldknf.pan.pl\/index.php?rest_route=\/wp\/v2\/pages\/45\/revisions"}],"predecessor-version":[{"id":619,"href":"https:\/\/oldknf.pan.pl\/index.php?rest_route=\/wp\/v2\/pages\/45\/revisions\/619"}],"wp:attachment":[{"href":"https:\/\/oldknf.pan.pl\/index.php?rest_route=%2Fwp%2Fv2%2Fmedia&parent=45"}],"curies":[{"name":"wp","href":"https:\/\/api.w.org\/{rel}","templated":true}]}}