{"id":354,"date":"2022-01-26T10:52:45","date_gmt":"2022-01-26T10:52:45","guid":{"rendered":"https:\/\/knf.pan.pl\/?page_id=354"},"modified":"2023-11-12T11:06:28","modified_gmt":"2023-11-12T11:06:28","slug":"library-of-contemporary-philosophers-continuation","status":"publish","type":"page","link":"https:\/\/oldknf.pan.pl\/?page_id=354&lang=en","title":{"rendered":"Library of Contemporary Philosophers &#8211; continuation"},"content":{"rendered":"\n<p>KNF PAN together with the Faculty of Philosophy of the University of Warsaw and the publishing house Wydawnictwo Naukowe PWN continue to publish the series Biblioteka Wsp\u00f3\u0142czesnych Filozof\u00f3w (Library of Contemporary Philosophers). This project is managed by a member of the Committee, Prof. Krzysztof W\u00f3jtowicz from the Faculty of Philosophy of the University of Warsaw.<\/p>\n\n\n\n<p>As a continuation of the BWF series, the following volumes have already been released:<\/p>\n\n\n\n<table style=\"border: 0; padding: 5px;\">\n<tbody>\n<tr>\n<td style=\"border: 0; padding: 5px; width: 300px;\">\n<img src=\"https:\/\/emp-scs.img-osdw.pl\/img-p\/1\/kipwn\/d576082e\/std\/2bc-452\/1022480413o.webp\" style=\"width: 250px;\">\n<\/td>\n<td style=\"border: 0; padding: 5px;\">\nAlvin Plantinga, <em>Gdzie naprawd\u0119 jest konflikt. Nauka, religia i naturalizm<\/em><br>(original title: <em>Where the Conflict Really Lies: Science, Religion and Naturalism<\/em>),<br>transl.: El\u017cbieta \u0141ukasiewicz, ed.: Dariusz \u0141ukasiewicz,<br>Wydawnictwo Naukowe PWN, Warszawa 2023\n<\/td>\n<\/tr>\n<tr>\n<td style=\"border: 0; padding: 5px; width: 300px;\">\n<img src=\"https:\/\/emp-scs-uat.img-osdw.pl\/img-p\/1\/kipwn\/d576082e\/std\/2bc-452\/998453861o.jpg\" style=\"width: 250px;\">\n<\/td>\n<td style=\"border: 0; padding: 5px;\">\nSaul Kripke, <em>K\u0142opoty filozoficzne<\/em><br>(original title: <em>Philosophical Troubles<\/em>),<br>transl.: Tadeusz Szubka, Pawe\u0142 Garbacz, Joanna Odrow\u0105\u017c-Sypniewska, Jakub Rudnicki,<br>Wydawnictwo Naukowe PWN, Warszawa 2023\n<\/td>\n<\/tr>\n<tr>\n<td style=\"border: 0; padding: 5px; width: 300px;\">\n<img src=\"https:\/\/emp-scs-uat.img-osdw.pl\/img-p\/1\/kipwn\/d576082e\/std\/2bc-452\/833817813o.jpg\" style=\"width: 250px;\">\n<\/td>\n<td style=\"border: 0; padding: 5px;\">\nAlfred North Whitehead, <em>Przygody idei<\/em><br>(original title: <em>Adventures of Ideas<\/em>),<br>transl.: Marek Piwowarczyk,<br>Wydawnictwo Naukowe PWN, Warszawa 2020\n<\/td>\n<\/tr>\n<tr>\n<td style=\"border: 0; padding: 5px; width: 300px;\">\n<img src=\"https:\/\/emp-scs-uat.img-osdw.pl\/img-p\/1\/kipwn\/d576082e\/std\/2bc-452\/872189629o.jpg\" style=\"width: 250px;\">\n<\/td>\n<td style=\"border: 0; padding: 5px;\">\nHenri Bergson, <em>My\u015bl i ruch<\/em><br>\n(original title: <em>La Pens\u00e9e et le Mouvant<\/em>),<br>transl. El\u017cbieta Walerich,<br>Wydawnictwo Naukowe PWN, Warszawa 2020\n<\/td>\n<\/tr>\n<tr>\n<td style=\"border: 0; padding: 5px; width: 300px;\">\n<img src=\"https:\/\/emp-scs-uat.img-osdw.pl\/img-p\/1\/kipwn\/d576082e\/std\/2bc-452\/909504016o.jpg\" style=\"width: 250px;\">\n<\/td>\n<td style=\"border: 0; padding: 5px;\">\nAlvin Goldman, <em>Wiedza a \u015bwiat spo\u0142eczny<\/em><br>(original title: <em>Knowledge in a Social World<\/em>),<br>transl. Adam Grobler,<br>Wydawnictwo Naukowe PWN, Warszawa 2021\n<\/td>\n<\/tr>\n<\/tbody><\/table>\n\n\n\n<p>In July 2024, the last the following volume will be released:<\/p>\n\n\n\n<table style=\"border: 0; padding: 5px;\">\n<tbody>\n<tr>\n<td style=\"border: 0; padding: 5px; width: 300px;\">\n<img src=\"https:\/\/emp-scs.img-osdw.pl\/img-p\/1\/kipwn\/d576082e\/std\/2bc-452\/1029301138o.webp\" style=\"width: 250px;\">\n<\/td>\n<td style=\"border: 0; padding: 5px;\">\nRudolf Carnap, <em>Logiczne podstawy prawdopodobie\u0144stwa<\/em><br>(original title: <em>Logical Foundations of Probability<\/em>),<br>transl. Pawe\u0142 Kawalec, <br>Wydawnictwo Naukowe PWN, Warszawa 2024\n<\/td>\n<\/tr>\n<\/tbody><\/table>\n\n\n\n<p><\/p>\n","protected":false},"excerpt":{"rendered":"<p>KNF PAN together with the Faculty of Philosophy of the University of Warsaw and the publishing house Wydawnictwo Naukowe PWN continue to publish the series Biblioteka Wsp\u00f3\u0142czesnych Filozof\u00f3w (Library of Contemporary Philosophers). This project is managed by a member of the Committee, Prof. Krzysztof W\u00f3jtowicz from the Faculty of Philosophy of the University of Warsaw. &hellip; <a href=\"https:\/\/oldknf.pan.pl\/?page_id=354&#038;lang=en\" class=\"more-link\">Czytaj dalej<span class=\"screen-reader-text\"> Library of Contemporary Philosophers &#8211; continuation<\/span><\/a><\/p>\n","protected":false},"author":2,"featured_media":0,"parent":0,"menu_order":0,"comment_status":"closed","ping_status":"closed","template":"","meta":[],"_links":{"self":[{"href":"https:\/\/oldknf.pan.pl\/index.php?rest_route=\/wp\/v2\/pages\/354"}],"collection":[{"href":"https:\/\/oldknf.pan.pl\/index.php?rest_route=\/wp\/v2\/pages"}],"about":[{"href":"https:\/\/oldknf.pan.pl\/index.php?rest_route=\/wp\/v2\/types\/page"}],"author":[{"embeddable":true,"href":"https:\/\/oldknf.pan.pl\/index.php?rest_route=\/wp\/v2\/users\/2"}],"replies":[{"embeddable":true,"href":"https:\/\/oldknf.pan.pl\/index.php?rest_route=%2Fwp%2Fv2%2Fcomments&post=354"}],"version-history":[{"count":8,"href":"https:\/\/oldknf.pan.pl\/index.php?rest_route=\/wp\/v2\/pages\/354\/revisions"}],"predecessor-version":[{"id":557,"href":"https:\/\/oldknf.pan.pl\/index.php?rest_route=\/wp\/v2\/pages\/354\/revisions\/557"}],"wp:attachment":[{"href":"https:\/\/oldknf.pan.pl\/index.php?rest_route=%2Fwp%2Fv2%2Fmedia&parent=354"}],"curies":[{"name":"wp","href":"https:\/\/api.w.org\/{rel}","templated":true}]}}