{"id":340,"date":"2022-01-26T10:30:19","date_gmt":"2022-01-26T10:30:19","guid":{"rendered":"https:\/\/knf.pan.pl\/?page_id=340"},"modified":"2023-11-12T11:07:09","modified_gmt":"2023-11-12T11:07:09","slug":"biblioteka-wspolczesnych-filozofow-kontynuacja","status":"publish","type":"page","link":"https:\/\/oldknf.pan.pl\/?page_id=340","title":{"rendered":"Biblioteka Wsp\u00f3\u0142czesnych Filozof\u00f3w \u2013 kontynuacja"},"content":{"rendered":"\n<p>KNF PAN wraz Wydzia\u0142em Filozofii Uniwersytetu Warszawskiego i Wydawnictwem Naukowym PWN kontynuuj\u0105 wydawanie serii Biblioteka Wsp\u00f3\u0142czesnych Filozof\u00f3w. Projektem tym kieruje cz\u0142onek KNF prof. Krzysztof W\u00f3jtowicz z Wydzia\u0142u Filozofii UW.<\/p>\n\n\n\n<p>W ramach kontynuacji serii BWF ukaza\u0142y si\u0119 nast\u0119puj\u0105ce pozycje:<\/p>\n\n\n\n<table style=\"border: 0; padding: 5px;\">\n<tbody>\n<tr>\n<td style=\"border: 0; padding: 5px; width: 300px;\">\n<img src=\"https:\/\/emp-scs.img-osdw.pl\/img-p\/1\/kipwn\/d576082e\/std\/2bc-452\/1022480413o.webp\" style=\"width: 250px;\">\n<\/td>\n<td style=\"border: 0; padding: 5px;\">\nAlvin Plantinga, <em>Gdzie naprawd\u0119 jest konflikt. Nauka, religia i naturalizm<\/em><br>(tytu\u0142 oryginalny: <em>Where the Conflict Really Lies: Science, Religion and Naturalism<\/em>),<br>t\u0142um.: El\u017cbieta \u0141ukasiewicz, red. Dariusz \u0141ukasiewicz,<br>Wydawnictwo Naukowe PWN, Warszawa 2023\n<\/td>\n<\/tr>\n<tr>\n<td style=\"border: 0; padding: 5px; width: 300px;\">\n<img src=\"https:\/\/emp-scs-uat.img-osdw.pl\/img-p\/1\/kipwn\/d576082e\/std\/2bc-452\/998453861o.jpg\" style=\"width: 250px;\">\n<\/td>\n<td style=\"border: 0; padding: 5px;\">\nSaul Kripke, <em>K\u0142opoty filozoficzne<\/em><br>(tytu\u0142 oryginalny: <em>Philosophical Troubles<\/em>),<br>t\u0142um.: Tadeusz Szubka, Pawe\u0142 Garbacz, Joanna Odrow\u0105\u017c-Sypniewska, Jakub Rudnicki,<br>Wydawnictwo Naukowe PWN, Warszawa 2023\n<\/td>\n<\/tr>\n<tr>\n<td style=\"border: 0; padding: 5px; width: 300px;\">\n<img src=\"https:\/\/emp-scs-uat.img-osdw.pl\/img-p\/1\/kipwn\/d576082e\/std\/2bc-452\/909504016o.jpg\" style=\"width: 250px;\">\n<\/td>\n<td style=\"border: 0; padding: 5px;\">\nAlvin Goldman, <em>Wiedza a \u015bwiat spo\u0142eczny<\/em><br>(tytu\u0142 oryginalny: <em>Knowledge in a Social World<\/em>),<br>t\u0142um. Adam Grobler,<br>Wydawnictwo Naukowe PWN, Warszawa 2021\n<\/td>\n<\/tr>\n<tr>\n<td style=\"border: 0; padding: 5px; width: 300px;\">\n<img src=\"https:\/\/emp-scs-uat.img-osdw.pl\/img-p\/1\/kipwn\/d576082e\/std\/2bc-452\/833817813o.jpg\" style=\"width: 250px;\">\n<\/td>\n<td style=\"border: 0; padding: 5px;\">\nAlfred North Whitehead, <em>Przygody idei<\/em><br>(tytu\u0142 oryginalny: <em>Adventures of Ideas<\/em>),<br>t\u0142um.: Marek Piwowarczyk,<br>Wydawnictwo Naukowe PWN, Warszawa 2020\n<\/td>\n<\/tr>\n<tr>\n<td style=\"border: 0; padding: 5px; width: 300px;\">\n<img src=\"https:\/\/emp-scs-uat.img-osdw.pl\/img-p\/1\/kipwn\/d576082e\/std\/2bc-452\/872189629o.jpg\" style=\"width: 250px;\">\n<\/td>\n<td style=\"border: 0; padding: 5px;\">\nHenri Bergson, <em>My\u015bl i ruch<\/em><br>\n(tytu\u0142 oryginalny: <em>La Pens\u00e9e et le Mouvant<\/em>),<br>t\u0142um. El\u017cbieta Walerich,<br>Wydawnictwo Naukowe PWN, Warszawa 2020\n<\/td>\n<\/tr>\n<\/tbody><\/table>\n\n\n\n<p>Zgodnie z zapowiedzi\u0105 Wydawnictwa, w lipcu 2024 r. uka\u017ce si\u0119 jeszcze ksi\u0105\u017cka:<\/p>\n\n\n\n<table style=\"border: 0; padding: 5px;\">\n<tbody>\n<tr>\n<td style=\"border: 0; padding: 5px; width: 300px;\">\n<img src=\"https:\/\/emp-scs.img-osdw.pl\/img-p\/1\/kipwn\/d576082e\/std\/2bc-452\/1029301138o.webp\" style=\"width: 250px;\">\n<\/td>\n<td style=\"border: 0; padding: 5px;\">\nRudolf Carnap, <em>Logiczne podstawy prawdopodobie\u0144stwa<\/em><br>(tytu\u0142 oryginalny: <em>Logical Foundations of Probability<\/em>),<br>t\u0142um.: Pawe\u0142 Kawalec <br>Wydawnictwo Naukowe PWN, Warszawa 2024\n<\/td>\n<\/tr>\n<\/tbody><\/table>\n\n\n\n<p><\/p>\n","protected":false},"excerpt":{"rendered":"<p>KNF PAN wraz Wydzia\u0142em Filozofii Uniwersytetu Warszawskiego i Wydawnictwem Naukowym PWN kontynuuj\u0105 wydawanie serii Biblioteka Wsp\u00f3\u0142czesnych Filozof\u00f3w. Projektem tym kieruje cz\u0142onek KNF prof. Krzysztof W\u00f3jtowicz z Wydzia\u0142u Filozofii UW. W ramach kontynuacji serii BWF ukaza\u0142y si\u0119 nast\u0119puj\u0105ce pozycje: Alvin Plantinga, Gdzie naprawd\u0119 jest konflikt. Nauka, religia i naturalizm(tytu\u0142 oryginalny: Where the Conflict Really Lies: Science, &hellip; <a href=\"https:\/\/oldknf.pan.pl\/?page_id=340\" class=\"more-link\">Czytaj dalej<span class=\"screen-reader-text\"> Biblioteka Wsp\u00f3\u0142czesnych Filozof\u00f3w \u2013 kontynuacja<\/span><\/a><\/p>\n","protected":false},"author":2,"featured_media":0,"parent":0,"menu_order":0,"comment_status":"closed","ping_status":"closed","template":"","meta":[],"_links":{"self":[{"href":"https:\/\/oldknf.pan.pl\/index.php?rest_route=\/wp\/v2\/pages\/340"}],"collection":[{"href":"https:\/\/oldknf.pan.pl\/index.php?rest_route=\/wp\/v2\/pages"}],"about":[{"href":"https:\/\/oldknf.pan.pl\/index.php?rest_route=\/wp\/v2\/types\/page"}],"author":[{"embeddable":true,"href":"https:\/\/oldknf.pan.pl\/index.php?rest_route=\/wp\/v2\/users\/2"}],"replies":[{"embeddable":true,"href":"https:\/\/oldknf.pan.pl\/index.php?rest_route=%2Fwp%2Fv2%2Fcomments&post=340"}],"version-history":[{"count":23,"href":"https:\/\/oldknf.pan.pl\/index.php?rest_route=\/wp\/v2\/pages\/340\/revisions"}],"predecessor-version":[{"id":558,"href":"https:\/\/oldknf.pan.pl\/index.php?rest_route=\/wp\/v2\/pages\/340\/revisions\/558"}],"wp:attachment":[{"href":"https:\/\/oldknf.pan.pl\/index.php?rest_route=%2Fwp%2Fv2%2Fmedia&parent=340"}],"curies":[{"name":"wp","href":"https:\/\/api.w.org\/{rel}","templated":true}]}}