{"id":290,"date":"2021-11-17T10:26:47","date_gmt":"2021-11-17T10:26:47","guid":{"rendered":"https:\/\/knf.pan.pl\/?page_id=290"},"modified":"2021-11-17T10:33:58","modified_gmt":"2021-11-17T10:33:58","slug":"przeglad-filozoficzny-nowa-seria","status":"publish","type":"page","link":"https:\/\/oldknf.pan.pl\/?page_id=290","title":{"rendered":"Przegl\u0105d Filozoficzny. Nowa Seria"},"content":{"rendered":"\n<p><strong><em>Przegl\u0105d Filozoficzny. Nowa Seria<\/em> <\/strong>(ISSN 1230-1493) jest polskim kwartalnikiem naukowym po\u015bwi\u0119conym tematyce filozoficznej, wydawanym przez Komitet Nauk Filozoficznych PAN, Wydzia\u0142 Filozofii Uniwersytetu Warszawskiego.  <\/p>\n\n\n\n<p>Pod obecnym tytu\u0142em ukazuje si\u0119 od roku 1992. Wszystkie artyku\u0142y od numeru 1\/2011 s\u0105 dost\u0119pne bezp\u0142atnie na stronie czasopisma: <a href=\"https:\/\/journals.pan.pl\/pfns\/\" target=\"_blank\" rel=\"noreferrer noopener\">https:\/\/journals.pan.pl\/pfns\/<\/a><\/p>\n\n\n\n<p><strong><em>Przegl\u0105d Filozoficzny <\/em><\/strong>publikuje teksty prezentuj\u0105ce donios\u0142e koncepcje filozoficzne oraz oryginalne i tw\u00f3rcze idee. Kluczowym kryterium doboru tekst\u00f3w do publikacji jest ich warto\u015b\u0107 naukowa.<\/p>\n\n\n\n<p>W <strong><em>Przegl\u0105dzie Filozoficznym <\/em><\/strong>publikowane s\u0105 przede wszystkim rozprawy naukowe. W wybranych numerach ukazuj\u0105 si\u0119 te\u017c polemiki, przek\u0142ady, wywiady, recenzje, szkice popularyzatorskie oraz materia\u0142y archiwalne. Zeszyty ukazuj\u0105ce si\u0119 w trzech pierwszych kwarta\u0142ach ka\u017cdego roku maj\u0105 zr\u00f3\u017cnicowan\u0105 tematyk\u0119. W niekt\u00f3rych z nich zamieszamy bloki tekst\u00f3w po\u015bwi\u0119conych konkretnym postaciom czy istotnym zagadnieniom filozoficznym. Czwarty numer ma charakter monograficzny i jest po\u015bwi\u0119cony my\u015bli wybranego wybitnego filozofa.<\/p>\n","protected":false},"excerpt":{"rendered":"<p>Przegl\u0105d Filozoficzny. Nowa Seria (ISSN 1230-1493) jest polskim kwartalnikiem naukowym po\u015bwi\u0119conym tematyce filozoficznej, wydawanym przez Komitet Nauk Filozoficznych PAN, Wydzia\u0142 Filozofii Uniwersytetu Warszawskiego. Pod obecnym tytu\u0142em ukazuje si\u0119 od roku 1992. Wszystkie artyku\u0142y od numeru 1\/2011 s\u0105 dost\u0119pne bezp\u0142atnie na stronie czasopisma: https:\/\/journals.pan.pl\/pfns\/ Przegl\u0105d Filozoficzny publikuje teksty prezentuj\u0105ce donios\u0142e koncepcje filozoficzne oraz oryginalne i tw\u00f3rcze &hellip; <a href=\"https:\/\/oldknf.pan.pl\/?page_id=290\" class=\"more-link\">Czytaj dalej<span class=\"screen-reader-text\"> Przegl\u0105d Filozoficzny. Nowa Seria<\/span><\/a><\/p>\n","protected":false},"author":2,"featured_media":0,"parent":0,"menu_order":0,"comment_status":"closed","ping_status":"closed","template":"","meta":[],"_links":{"self":[{"href":"https:\/\/oldknf.pan.pl\/index.php?rest_route=\/wp\/v2\/pages\/290"}],"collection":[{"href":"https:\/\/oldknf.pan.pl\/index.php?rest_route=\/wp\/v2\/pages"}],"about":[{"href":"https:\/\/oldknf.pan.pl\/index.php?rest_route=\/wp\/v2\/types\/page"}],"author":[{"embeddable":true,"href":"https:\/\/oldknf.pan.pl\/index.php?rest_route=\/wp\/v2\/users\/2"}],"replies":[{"embeddable":true,"href":"https:\/\/oldknf.pan.pl\/index.php?rest_route=%2Fwp%2Fv2%2Fcomments&post=290"}],"version-history":[{"count":2,"href":"https:\/\/oldknf.pan.pl\/index.php?rest_route=\/wp\/v2\/pages\/290\/revisions"}],"predecessor-version":[{"id":294,"href":"https:\/\/oldknf.pan.pl\/index.php?rest_route=\/wp\/v2\/pages\/290\/revisions\/294"}],"wp:attachment":[{"href":"https:\/\/oldknf.pan.pl\/index.php?rest_route=%2Fwp%2Fv2%2Fmedia&parent=290"}],"curies":[{"name":"wp","href":"https:\/\/api.w.org\/{rel}","templated":true}]}}