{"id":29,"date":"2020-06-15T14:25:31","date_gmt":"2020-06-15T14:25:31","guid":{"rendered":"https:\/\/knf.pan.pl\/?page_id=29"},"modified":"2021-11-17T10:39:59","modified_gmt":"2021-11-17T10:39:59","slug":"patronat","status":"publish","type":"page","link":"https:\/\/oldknf.pan.pl\/?page_id=29","title":{"rendered":"Patronat"},"content":{"rendered":"\n<p>Komitet Nauk Filozoficznych PAN udziela patronatu szczeg\u00f3lnie wa\u017cnym konferencjom filozoficznym lub interdyscyplinarnym oraz innym przedsi\u0119wzi\u0119ciom, kt\u00f3re obejmuj\u0105 tematyk\u0119 filozoficzn\u0105. W odniesieniu do konferencji, pragniemy promowa\u0107 zw\u0142aszcza takie, kt\u00f3re przyczyniaj\u0105 si\u0119 do rozwoju dyscypliny w Polsce przez aktywizacj\u0119 \u015brodowisk filozoficznych, podejmowanie problematyki wyra\u017anie okre\u015blonej i istotnej ze wzgl\u0119d\u00f3w naukowych lub spo\u0142ecznych, maj\u0105 charakter og\u00f3lnopolski lub mi\u0119dzynarodowy, tzn. w sk\u0142ad komitetu programowego (naukowego) wchodz\u0105 osoby nie tylko z o\u015brodka organizuj\u0105cego konferencj\u0119, lecz wybitni specjali\u015bci z ca\u0142ej Polski i\/lub z zagranicy w zakresie tematyki, kt\u00f3rej dotyczy konferencja.<\/p>\n\n\n\n<p>Staramy si\u0119, aby sk\u0142adanie wniosk\u00f3w o patronat by\u0142o jak najmniej zbiurokratyzowane i odbywa\u0142o si\u0119 wy\u0142\u0105cznie na podstawie kontakt\u00f3w e-mailowych. Wystarczy, aby organizator wys\u0142a\u0142 na adres przewodnicz\u0105cej:&nbsp;<a href=\"mailto:gutowski@kul.pl?Subject=Patronat%20KNF\">j.odrowaz@uw.edu.pl<\/a>&nbsp;pro\u015bb\u0119 o obj\u0119cie konferencji patronatem KNF PAN oraz za\u0142\u0105czy\u0142 dotycz\u0105ce jej informacje, w tym zw\u0142aszcza o jej tytule, tematyce i celach, sk\u0142adzie komitetu programowego (naukowego), komitetu organizacyjnego i g\u0142\u00f3wnych prelegentach. W przypadku przedsi\u0119wzi\u0119\u0107 niekonferencyjnych prosimy o odpowiednie uzasadnienie wniosku o patronat, uwzgl\u0119dniaj\u0105ce zw\u0142aszcza zwi\u0105zki tego przedsi\u0119wzi\u0119cia z filozofi\u0105.<\/p>\n\n\n\n<p>Decyzj\u0119 o udzieleniu patronatu lub jego odmowie podejmuje prezydium KNF PAN po dyskusji i g\u0142osowaniu. Ca\u0142a procedura od wyst\u0105pienia o patronat do decyzji trwa oko\u0142o 3 tygodni. Decyzja mo\u017ce by\u0107 poprzedzona konsultacjami z organizatorem, o ile cz\u0142onkowie prezydium poprosz\u0105 o dodatkowe informacje.<\/p>\n","protected":false},"excerpt":{"rendered":"<p>Komitet Nauk Filozoficznych PAN udziela patronatu szczeg\u00f3lnie wa\u017cnym konferencjom filozoficznym lub interdyscyplinarnym oraz innym przedsi\u0119wzi\u0119ciom, kt\u00f3re obejmuj\u0105 tematyk\u0119 filozoficzn\u0105. W odniesieniu do konferencji, pragniemy promowa\u0107 zw\u0142aszcza takie, kt\u00f3re przyczyniaj\u0105 si\u0119 do rozwoju dyscypliny w Polsce przez aktywizacj\u0119 \u015brodowisk filozoficznych, podejmowanie problematyki wyra\u017anie okre\u015blonej i istotnej ze wzgl\u0119d\u00f3w naukowych lub spo\u0142ecznych, maj\u0105 charakter og\u00f3lnopolski lub mi\u0119dzynarodowy, &hellip; <a href=\"https:\/\/oldknf.pan.pl\/?page_id=29\" class=\"more-link\">Czytaj dalej<span class=\"screen-reader-text\"> Patronat<\/span><\/a><\/p>\n","protected":false},"author":2,"featured_media":0,"parent":0,"menu_order":0,"comment_status":"closed","ping_status":"closed","template":"","meta":[],"_links":{"self":[{"href":"https:\/\/oldknf.pan.pl\/index.php?rest_route=\/wp\/v2\/pages\/29"}],"collection":[{"href":"https:\/\/oldknf.pan.pl\/index.php?rest_route=\/wp\/v2\/pages"}],"about":[{"href":"https:\/\/oldknf.pan.pl\/index.php?rest_route=\/wp\/v2\/types\/page"}],"author":[{"embeddable":true,"href":"https:\/\/oldknf.pan.pl\/index.php?rest_route=\/wp\/v2\/users\/2"}],"replies":[{"embeddable":true,"href":"https:\/\/oldknf.pan.pl\/index.php?rest_route=%2Fwp%2Fv2%2Fcomments&post=29"}],"version-history":[{"count":4,"href":"https:\/\/oldknf.pan.pl\/index.php?rest_route=\/wp\/v2\/pages\/29\/revisions"}],"predecessor-version":[{"id":301,"href":"https:\/\/oldknf.pan.pl\/index.php?rest_route=\/wp\/v2\/pages\/29\/revisions\/301"}],"wp:attachment":[{"href":"https:\/\/oldknf.pan.pl\/index.php?rest_route=%2Fwp%2Fv2%2Fmedia&parent=29"}],"curies":[{"name":"wp","href":"https:\/\/api.w.org\/{rel}","templated":true}]}}