{"id":245,"date":"2021-09-20T17:13:21","date_gmt":"2021-09-20T17:13:21","guid":{"rendered":"https:\/\/knf.pan.pl\/?page_id=245"},"modified":"2022-09-27T09:55:42","modified_gmt":"2022-09-27T09:55:42","slug":"polecane-strony","status":"publish","type":"page","link":"https:\/\/oldknf.pan.pl\/?page_id=245","title":{"rendered":"Polecane strony"},"content":{"rendered":"\n<p>Wortal filozoficzny <a href=\"http:\/\/www.filozofia.pl\/\">FILOZOFIA.PL<\/a>, publikuj\u0105cy bie\u017c\u0105ce informacje z \u017cycia filozoficznego w Polsce i na \u015bwiecie:<\/p>\n\n\n\n<figure class=\"wp-block-image size-large\"><a href=\"http:\/\/www.filozofia.pl\/\"><img loading=\"lazy\" width=\"1024\" height=\"306\" src=\"https:\/\/knf.pan.pl\/wp-content\/uploads\/2022\/09\/filozofia-pl-logo-1024x306.png\" alt=\"\" class=\"wp-image-409\" srcset=\"https:\/\/oldknf.pan.pl\/wp-content\/uploads\/2022\/09\/filozofia-pl-logo-1024x306.png 1024w, https:\/\/oldknf.pan.pl\/wp-content\/uploads\/2022\/09\/filozofia-pl-logo-300x90.png 300w, https:\/\/oldknf.pan.pl\/wp-content\/uploads\/2022\/09\/filozofia-pl-logo-768x230.png 768w, https:\/\/oldknf.pan.pl\/wp-content\/uploads\/2022\/09\/filozofia-pl-logo-1536x459.png 1536w, https:\/\/oldknf.pan.pl\/wp-content\/uploads\/2022\/09\/filozofia-pl-logo-1200x359.png 1200w, https:\/\/oldknf.pan.pl\/wp-content\/uploads\/2022\/09\/filozofia-pl-logo.png 1860w\" sizes=\"(max-width: 709px) 85vw, (max-width: 909px) 67vw, (max-width: 1362px) 62vw, 840px\" \/><\/a><\/figure>\n\n\n\n<hr class=\"wp-block-separator\"\/>\n\n\n\n<p>Dzia\u0142 popularnonaukowego czasopisma \u201eFilozofuj!\u201d publikuj\u0105cy g\u0142osy w sprawach wa\u017cnych dla \u015brodowiska filozoficznego:<\/p>\n\n\n\n<a href=\"https:\/\/filozofuj.eu\/category\/publicystyka\/sprawy-filozofow\/\"><img src=\"https:\/\/filozofuj.eu\/wp-content\/uploads\/2020\/07\/sprawy-filozofow-990x516.jpg\" style=\"border: 0; width: 100%; margin: 0 0 20px 0;\"><\/a>\n\n\n\n<p><\/p>\n","protected":false},"excerpt":{"rendered":"<p>Wortal filozoficzny FILOZOFIA.PL, publikuj\u0105cy bie\u017c\u0105ce informacje z \u017cycia filozoficznego w Polsce i na \u015bwiecie: Dzia\u0142 popularnonaukowego czasopisma \u201eFilozofuj!\u201d publikuj\u0105cy g\u0142osy w sprawach wa\u017cnych dla \u015brodowiska filozoficznego:<\/p>\n","protected":false},"author":2,"featured_media":0,"parent":0,"menu_order":0,"comment_status":"closed","ping_status":"closed","template":"","meta":[],"_links":{"self":[{"href":"https:\/\/oldknf.pan.pl\/index.php?rest_route=\/wp\/v2\/pages\/245"}],"collection":[{"href":"https:\/\/oldknf.pan.pl\/index.php?rest_route=\/wp\/v2\/pages"}],"about":[{"href":"https:\/\/oldknf.pan.pl\/index.php?rest_route=\/wp\/v2\/types\/page"}],"author":[{"embeddable":true,"href":"https:\/\/oldknf.pan.pl\/index.php?rest_route=\/wp\/v2\/users\/2"}],"replies":[{"embeddable":true,"href":"https:\/\/oldknf.pan.pl\/index.php?rest_route=%2Fwp%2Fv2%2Fcomments&post=245"}],"version-history":[{"count":3,"href":"https:\/\/oldknf.pan.pl\/index.php?rest_route=\/wp\/v2\/pages\/245\/revisions"}],"predecessor-version":[{"id":412,"href":"https:\/\/oldknf.pan.pl\/index.php?rest_route=\/wp\/v2\/pages\/245\/revisions\/412"}],"wp:attachment":[{"href":"https:\/\/oldknf.pan.pl\/index.php?rest_route=%2Fwp%2Fv2%2Fmedia&parent=245"}],"curies":[{"name":"wp","href":"https:\/\/api.w.org\/{rel}","templated":true}]}}