{"id":214,"date":"2021-08-06T07:55:12","date_gmt":"2021-08-06T07:55:12","guid":{"rendered":"https:\/\/knf.pan.pl\/?page_id=214"},"modified":"2021-08-06T08:01:02","modified_gmt":"2021-08-06T08:01:02","slug":"o-komitecie","status":"publish","type":"page","link":"https:\/\/oldknf.pan.pl\/?page_id=214","title":{"rendered":"Cele i zadania KNF"},"content":{"rendered":"\n<p>Komitet Nauk Filozoficznych Polskiej Akademii Nauk jest samorz\u0105dn\u0105 reprezentacj\u0105 uczonych uprawiaj\u0105cych dyscypliny filozoficzne.<\/p>\n\n\n\n<p>G\u0142\u00f3wne cele Komitetu to:<\/p>\n\n\n\n<ul><li>integracja polskiego \u015brodowiska filozoficznego,<\/li><li>podwy\u017cszenie poziomu bada\u0144 naukowych w zakresie filozofii i akcentowanie znaczenia uczciwo\u015bci naukowej,<\/li><li>podwy\u017cszenie poziomu kszta\u0142cenia filozoficznego,<\/li><li>zwi\u0119kszenie udzia\u0142u filozofii w edukacji na r\u00f3\u017cnych poziomach i w dyskursie publicznym,<\/li><li>nawi\u0105zanie i podtrzymanie naukowej wsp\u00f3\u0142pracy polskich filozof\u00f3w z filozofami z zagranicy oraz promocja polskiej my\u015bli filozoficznej.<\/li><\/ul>\n\n\n\n<p>Aby realizowa\u0107 te cele, Komitet monitoruje zmiany w systemie szkolnictwa w Polsce, stan bada\u0144 w zakresie filozofii i kszta\u0142cenia filozoficznego, tendencje w edukacji filozoficznej i spo\u0142ecznym wizerunku filozofii oraz dokonuje ich oceny.<\/p>\n\n\n\n<p>Do szczeg\u00f3\u0142owych zada\u0144 Komitetu nale\u017c\u0105 m.in.:<\/p>\n\n\n\n<ul><li>rozwa\u017canie istotnych problem\u00f3w dyscypliny filozofia lub pokrewnych dyscyplin naukowych,<\/li><li>organizowanie w tym celu debat, dyskusji i konferencji naukowych, a tak\u017ce upowszechnianie ich wynik\u00f3w,<\/li><li>ocenianie stanu i potrzeb dyscypliny filozofia,<\/li><li>przygotowywanie opinii, ocen, ekspertyz i prognoz naukowych,<\/li><li>wsp\u00f3\u0142praca z organami rz\u0105dowymi w zakresie ocen stanu, poziomu, priorytet\u00f3w badawczych i kierunk\u00f3w rozwoju dyscypliny filozofia,<\/li><li>inicjowanie bada\u0144 naukowych,<\/li><li>wsp\u00f3\u0142praca przy przygotowywaniu multidyscyplinarnych opracowa\u0144 naukowych,<\/li><li>dba\u0142o\u015b\u0107 o reprezentatywny wk\u0142ad nauki polskiej w rozw\u00f3j nauki w \u015bwiecie,<\/li><li>ocena wydawnictw naukowych,<\/li><li>wsp\u00f3\u0142praca w zakresie wspierania pocz\u0105tkuj\u0105cych naukowc\u00f3w,<\/li><li>analiza i ocena program\u00f3w nauczania i zabieranie g\u0142osu w sprawach zwi\u0105zanych z kszta\u0142ceniem kadry naukowej.<\/li><\/ul>\n\n\n\n<p>Wszystkie dzia\u0142ania Komitetu zosta\u0142y szczeg\u00f3\u0142owo okre\u015blone w <a href=\"https:\/\/isap.sejm.gov.pl\/isap.nsf\/DocDetails.xsp?id=WDU20100960619\">ustawie o Polskiej Akademii Nauk<\/a> oraz w <a href=\"https:\/\/knf.pan.pl\/?page_id=26\">regulaminie KNF<\/a>.<\/p>\n","protected":false},"excerpt":{"rendered":"<p>Komitet Nauk Filozoficznych Polskiej Akademii Nauk jest samorz\u0105dn\u0105 reprezentacj\u0105 uczonych uprawiaj\u0105cych dyscypliny filozoficzne. G\u0142\u00f3wne cele Komitetu to: integracja polskiego \u015brodowiska filozoficznego, podwy\u017cszenie poziomu bada\u0144 naukowych w zakresie filozofii i akcentowanie znaczenia uczciwo\u015bci naukowej, podwy\u017cszenie poziomu kszta\u0142cenia filozoficznego, zwi\u0119kszenie udzia\u0142u filozofii w edukacji na r\u00f3\u017cnych poziomach i w dyskursie publicznym, nawi\u0105zanie i podtrzymanie naukowej wsp\u00f3\u0142pracy polskich &hellip; <a href=\"https:\/\/oldknf.pan.pl\/?page_id=214\" class=\"more-link\">Czytaj dalej<span class=\"screen-reader-text\"> Cele i zadania KNF<\/span><\/a><\/p>\n","protected":false},"author":2,"featured_media":0,"parent":0,"menu_order":0,"comment_status":"closed","ping_status":"closed","template":"","meta":[],"_links":{"self":[{"href":"https:\/\/oldknf.pan.pl\/index.php?rest_route=\/wp\/v2\/pages\/214"}],"collection":[{"href":"https:\/\/oldknf.pan.pl\/index.php?rest_route=\/wp\/v2\/pages"}],"about":[{"href":"https:\/\/oldknf.pan.pl\/index.php?rest_route=\/wp\/v2\/types\/page"}],"author":[{"embeddable":true,"href":"https:\/\/oldknf.pan.pl\/index.php?rest_route=\/wp\/v2\/users\/2"}],"replies":[{"embeddable":true,"href":"https:\/\/oldknf.pan.pl\/index.php?rest_route=%2Fwp%2Fv2%2Fcomments&post=214"}],"version-history":[{"count":4,"href":"https:\/\/oldknf.pan.pl\/index.php?rest_route=\/wp\/v2\/pages\/214\/revisions"}],"predecessor-version":[{"id":220,"href":"https:\/\/oldknf.pan.pl\/index.php?rest_route=\/wp\/v2\/pages\/214\/revisions\/220"}],"wp:attachment":[{"href":"https:\/\/oldknf.pan.pl\/index.php?rest_route=%2Fwp%2Fv2%2Fmedia&parent=214"}],"curies":[{"name":"wp","href":"https:\/\/api.w.org\/{rel}","templated":true}]}}