{"id":110,"date":"2020-10-01T06:27:04","date_gmt":"2020-10-01T06:27:04","guid":{"rendered":"https:\/\/knf.pan.pl\/?page_id=110"},"modified":"2021-08-06T07:31:37","modified_gmt":"2021-08-06T07:31:37","slug":"statute","status":"publish","type":"page","link":"https:\/\/oldknf.pan.pl\/?page_id=110&lang=en","title":{"rendered":"Statute"},"content":{"rendered":"\n<p>The Statute of the Committe is available in Polish only. This is the complete text of this Statute:<\/p>\n\n\n\n<h2 class=\"has-text-align-center\">Regulamin Komitetu Nauk Filozoficznych<br>Polskiej Akademii Nauk<\/h2>\n\n\n\n<p class=\"has-text-align-center\"><strong><em>Uchwalony na zebraniu plenarnym Komitetu<\/em><\/strong><br><strong><em>w dniu 25 wrze\u015bnia&nbsp;2020 roku<\/em><\/strong><\/p>\n\n\n\n<p class=\"has-text-align-center\">\u00a7 1<\/p>\n\n\n\n<p>Niniejszy regulamin Komitetu Nauk Filozoficznych Polskiej Akademii Nauk, zwanego w dalszej cz\u0119\u015bci regulaminu \u201eKomitetem\u201d, uchwalony zosta\u0142 na posiedzeniu plenarnym Komitetu w dniu 25 wrze\u015bnia. 2020 roku i zatwierdzony przez Prof. S. Filipowicza, Wiceprezesa Polskiej Akademii Nauk w dniu&nbsp; 3 listopada 2020 r. Komitet dzia\u0142a przy Wydziale I PAN.<\/p>\n\n\n\n<p class=\"has-text-align-center\">\u00a7 2<\/p>\n\n\n\n<p>Komitet swym zakresem dzia\u0142ania mie\u015bci si\u0119 w dziedzinie nauk humanistycznych. Komitet&nbsp;jest samorz\u0105dn\u0105 reprezentacj\u0105 uczonych uprawiaj\u0105cych dyscypliny&nbsp;filozoficzne, s\u0142u\u017c\u0105c\u0105 integrowaniu tego \u015brodowiska na terenie&nbsp;Rzeczpospolitej Polskiej.<\/p>\n\n\n\n<p class=\"has-text-align-center\">\u00a7 3<\/p>\n\n\n\n<p>Do zada\u0144 Komitetu \u2013 obok zada\u0144 wskazanych w art. 36 ust. 1 ustawy z dnia 30 kwietnia 2010 roku o Polskiej Akademii Nauk (Dz.U. z 2019 r., poz. 1183, 1655, 2227, z 2020 r. poz. 695, 1086) \u2013 nale\u017cy podejmowanie wszelkich dzia\u0142a\u0144, s\u0142u\u017c\u0105cych rozwojowi dyscypliny naukowej reprezentowanej przez Komitet oraz wykorzystanie osi\u0105gni\u0119\u0107 dyscypliny dla dobra Rzeczypospolitej Polskiej, a w szczeg\u00f3lno\u015bci:<\/p>\n\n\n\n<ol type=\"1\"><li>Analiza i ocena stanu nauki oraz wypowiadanie si\u0119 w sprawach polityki naukowej pa\u0144stwa, szczeg\u00f3lnie kierunk\u00f3w rozwoju i priorytet\u00f3w badawczych w dyscyplinach naukowych, reprezentowanych w Komitecie;<\/li><li>Wsp\u00f3\u0142dzia\u0142anie z organami rz\u0105dowymi, w szczeg\u00f3lno\u015bci z Ministerstwem Nauki i Szkolnictwa Wy\u017cszego, Ministerstwem Edukacji Narodowej, Rad\u0105 G\u0142\u00f3wn\u0105 Nauki i Szkolnictwa Wy\u017cszego, Polsk\u0105 Komisj\u0105 Akredytacyjn\u0105 i Rad\u0105 Doskona\u0142o\u015bci Naukowej \u2013 w sprawach dotycz\u0105cych ocen stanu, poziomu, priorytet\u00f3w badawczych i kierunk\u00f3w rozwoju dyscyplin reprezentowanych przez Komitet;<\/li><li>Inicjowanie bada\u0144, tworzenia i rozwoju plac\u00f3wek naukowych w dyscyplinach reprezentowanych w Komitecie oraz ocena program\u00f3w badawczych i zakresu dzia\u0142ania instytucji naukowych na wniosek nadzoruj\u0105cych te instytucje organ\u00f3w rz\u0105dowych i w\u0142adz Polskiej Akademii Nauk;<\/li><li>Wsp\u00f3\u0142dzia\u0142anie w upowszechnianiu wynik\u00f3w bada\u0144 i prac naukowych oraz wprowadzaniu do praktyki spo\u0142ecznej i gospodarczej rezultat\u00f3w bada\u0144 w dyscyplinach reprezentowanych w Komitecie; organizowanie w tym celu mi\u0119dzy innymi dyskusji i konferencji naukowych;<\/li><li>Opracowywanie, na zlecenie organ\u00f3w rz\u0105dowych, w\u0142adz Polskiej Akademii Nauk i z w\u0142asnej inicjatywy, ekspertyz oraz doradztwo naukowe i przedstawianie opinii naukowych w sprawach obj\u0119tych zakresem dzia\u0142ania Komitetu i zagadnie\u0144 szczeg\u00f3lnie wa\u017cnych dla spo\u0142eczno-gospodarczego i kulturalnego rozwoju kraju;<\/li><li>Ocena i wypowiadanie si\u0119 w sprawach poziomu i potrzeb wydawnictw naukowych w zakresie nauk reprezentowanych w Komitecie oraz prowadzenie dzia\u0142alno\u015bci wydawniczej;<\/li><li>Analiza i ocena program\u00f3w nauczania, wypowiadanie si\u0119 w sprawach kszta\u0142cenia kadr naukowych oraz prowadzenie dzia\u0142a\u0144 aktywizuj\u0105cych udzia\u0142 w \u017cyciu naukowym kraju i zapewniaj\u0105cych rozw\u00f3j m\u0142odej kadry naukowej w dziedzinach obj\u0119tych zakresem dzia\u0142ania Komitetu;<\/li><li>Inicjowanie i prowadzenie wsp\u00f3\u0142pracy z mi\u0119dzynarodowymi i zagranicznymi organizacjami i o\u015brodkami naukowymi oraz pe\u0142nienie, zgodnie z Uchwa\u0142\u0105 Prezydium PAN, funkcji komitetu narodowego ds. wsp\u00f3\u0142pracy z mi\u0119dzynarodowymi organizacjami naukowymi w dyscyplinach reprezentowanych przez Komitet;<\/li><li>Powo\u0142ywanie sekcji krajowych mi\u0119dzynarodowych unii i stowarzysze\u0144 naukowych;<\/li><li>Opiniowanie kandydat\u00f3w na cz\u0142onk\u00f3w korespondent\u00f3w Polskiej Akademii Nauk z zakresu dyscyplin reprezentowanych przez Komitet;<\/li><li>Zg\u0142aszanie i opiniowanie wniosk\u00f3w do nagr\u00f3d naukowych z zakresu dyscyplin reprezentowanych przez Komitet;<\/li><li>Wsp\u00f3\u0142praca ze specjalistycznymi towarzystwami naukowymi z zakresu dyscyplin reprezentowanych przez Komitet;<\/li><li>Inne sprawy, zlecone przez w\u0142adze Polskiej Akademii Nauk lub podejmowane z inicjatywy Komitetu.<\/li><\/ol>\n\n\n\n<p class=\"has-text-align-center\">\u00a7 4<\/p>\n\n\n\n<p>Komitet Nauk Filozoficznych uznaje za swoje szczeg\u00f3lne zadanie inicjowanie i wspieranie dzia\u0142a\u0144, kt\u00f3re zmierzaj\u0105 do:<br>1) integracji polskiego \u015brodowiska filozoficznego,<br>2) podwy\u017cszenia poziomu bada\u0144 naukowych w zakresie filozofii i akcentowania znaczenia uczciwo\u015bci naukowej,<br>3) podwy\u017cszenia poziomu kszta\u0142cenia filozoficznego,<br>4) zwi\u0119kszenia udzia\u0142u filozofii w edukacji na r\u00f3\u017cnych poziomach i w dyskursie publicznym,<br>5) nawi\u0105zania i podtrzymania naukowej wsp\u00f3\u0142pracy polskich filozof\u00f3w z filozofami z zagranicy oraz promocji polskiej my\u015bli filozoficznej.<br>Dla realizacji tego celu Komitet monitoruje zmiany w systemie szkolnictwa w Polsce, stan bada\u0144 w zakresie filozofii i kszta\u0142cenia filozoficznego, tendencje w edukacji filozoficznej i spo\u0142ecznym wizerunku filozofii oraz dokonuje ich oceny.<\/p>\n\n\n\n<p class=\"has-text-align-center\">\u00a7 5<\/p>\n\n\n\n<ol type=\"1\"><li>W sk\u0142ad Komitetu wchodz\u0105 specjali\u015bci okre\u015blonych dziedzin nauki, w zakresie reprezentowanej przez Komitet problematyki naukowej wybierani przez \u015brodowisko naukowe dyscyplin reprezentowanych w Komitecie, wybrani zgodnie z Regulaminem trybu wybor\u00f3w cz\u0142onk\u00f3w i organ\u00f3w komitet\u00f3w naukowych, stanowi\u0105cym za\u0142\u0105cznik do Uchwa\u0142y Prezydium PAN nr 50\/2019 z 17 wrze\u015bnia 2019 r., zmienionego Uchwa\u0142\u0105 Nr 20\/2020 Prezydium Polskiej Akademii Nauk z dnia 19 maja 2020 r., kt\u00f3rego tekst jednolity stanowi za\u0142\u0105cznik do Uchwa\u0142y nr 21\/2020 Prezydium Polskiej Akademii Nauk z dnia 19 maja 2020 r. (zwany dalej: \u201eRegulaminem trybu wybor\u00f3w cz\u0142onk\u00f3w i organ\u00f3w komitet\u00f3w naukowych\u201d).<\/li><li>W sk\u0142ad Komitetu wchodz\u0105 ponadto cz\u0142onkowie krajowi Polskiej Akademii Nauk odpowiednich specjalno\u015bci oraz Akademii M\u0142odych Uczonych, zg\u0142aszaj\u0105cy sw\u00f3j udzia\u0142 w pracach Komitetu, lub zapraszani do udzia\u0142u w pracach Komitetu, przedstawiciele specjalistycznych towarzystw naukowych oraz honorowi cz\u0142onkowie Komitetu,&nbsp; powo\u0142ywani zgodnie z \u00a7 5 ust. 3 \u2013 8 niniejszego regulaminu oraz przy uwzgl\u0119dnieniu \u00a7 1 ust. 3-5 i 9-10 Regulaminu trybu wybor\u00f3w cz\u0142onk\u00f3w i organ\u00f3w komitet\u00f3w naukowych.<\/li><li>Komitet mo\u017ce powo\u0142a\u0107 do swojego sk\u0142adu specjalist\u00f3w z zakresu \u017cycia naukowego, gospodarczego i spo\u0142ecznego; posiadaj\u0105 oni status cz\u0142onka Komitetu z pe\u0142nymi uprawnieniami.<\/li><\/ol>\n\n\n\n<p class=\"has-text-align-center\">\u00a7 6<\/p>\n\n\n\n<ol type=\"1\"><li>Tryb wyboru cz\u0142onk\u00f3w Komitetu i jego organ\u00f3w okre\u015bla Regulamin trybu wybor\u00f3w cz\u0142onk\u00f3w i organ\u00f3w komitet\u00f3w naukowych.<\/li><li>Cz\u0142onk\u00f3w Komitetu powo\u0142uje Dziekan Wydzia\u0142u I.<\/li><li>Honorowi cz\u0142onkowie Komitetu wybrani na dotychczasowych zasadach, zachowuj\u0105 sw\u00f3j status.<\/li><\/ol>\n\n\n\n<p class=\"has-text-align-center\">\u00a7 7<\/p>\n\n\n\n<ol type=\"1\"><li>Organami Komitetu s\u0105:<ol><li>Przewodnicz\u0105cy Komitetu,<\/li><li>Prezydium Komitetu.<\/li><\/ol><\/li><li>Posiedzenia Prezydium Komitetu oraz zebra\u0144 plenarnych odbywaj\u0105 si\u0119 w Warszawie lub w innych miejscowo\u015bciach w Polsce \u2013 na zaproszenie uczelni\/wydzia\u0142\u00f3w lub instytut\u00f3w PAN.<\/li><\/ol>\n\n\n\n<p class=\"has-text-align-center\">\u00a7 8<\/p>\n\n\n\n<ol type=\"1\"><li>Przewodnicz\u0105cy Komitetu zwo\u0142uje zebrania Prezydium Komitetu (nie rzadziej ni\u017c cztery razy w roku) i zebrania plenarne (nie rzadziej ni\u017c dwa razy w roku) i przewodniczy tym zebraniom; ponadto kieruje bie\u017c\u0105c\u0105 prac\u0105 Komitetu oraz reprezentuje Komitet na zewn\u0105trz. W razie&nbsp;&nbsp;&nbsp;&nbsp;&nbsp;&nbsp; nieobecno\u015bci przewodnicz\u0105cego, zast\u0119puje go wskazany przez niego albo, w razie niemo\u017cno\u015bci wskazania, przez Dziekana Wydzia\u0142u I zast\u0119pca przewodnicz\u0105cego Komitetu.<\/li><li>Prezydium Komitetu mo\u017ce realizowa\u0107 swoj\u0105 prac\u0119 tak\u017ce poprzez wykorzystanie form (narz\u0119dzi i technik) elektronicznych (m.in. poczty e-mail, video konferencji, itp.). W szczeg\u00f3lnych sytuacjach, po uzgodnieniu z dziekanem Wydzia\u0142u, dozwolone jest przeprowadzenie posiedzenia Komitetu za po\u015brednictwem narz\u0119dzi teleinformatycznych oraz glosowania przy wykorzystaniu systemu wyborczego Polskiej Akademii Nauk. Po odbytym posiedzeniu niezb\u0119dne jest przekazanie protoko\u0142u spotkania do Wydzia\u0142u.<\/li><li>Przewodnicz\u0105cy Komitetu zwo\u0142uje zebrania plenarne Komitetu (i zebrania Prezydium Komitetu) poprzez powiadomienie cz\u0142onk\u00f3w Komitetu (Prezydium Komitetu) i zainteresowanych os\u00f3b spoza Komitetu w formie elektronicznej lub papierowej, przesy\u0142aj\u0105c zaproszenie wraz z programem i materia\u0142ami na co najmniej 2 tygodnie przed posiedzeniem.<\/li><li>W uzasadnionych przypadkach, posiedzenia Prezydium Komitetu mog\u0105 by\u0107 zwo\u0142ywane <em>ad hoc<\/em>, poprzez powiadomienie wszystkich jego cz\u0142onk\u00f3w w formie elektronicznej.<\/li><\/ol>\n\n\n\n<p class=\"has-text-align-center\">\u00a7 9<\/p>\n\n\n\n<p>W sk\u0142ad Prezydium Komitetu wchodz\u0105:<\/p>\n\n\n\n<p>&nbsp; 1) przewodnicz\u0105cy,<\/p>\n\n\n\n<p>&nbsp; 2) jego zast\u0119pca lub zast\u0119pcy (nie wi\u0119cej ni\u017c dw\u00f3ch),<\/p>\n\n\n\n<p>&nbsp; 3) cz\u0142onkowie wybrani przez zebranie plenarne Komitetu (nie wi\u0119cej ni\u017c trzy osoby).<\/p>\n\n\n\n<p>2. Prezydium Komitetu mo\u017ce wybra\u0107 jednego ze swoich cz\u0142onk\u00f3w sekretarzem Komitetu.<\/p>\n\n\n\n<p>3. W sk\u0142ad Prezydium Komitetu mog\u0105 by\u0107 wybrane i powo\u0142ywane, zgodnie z ust. 4, 5 i 6, tylko osoby b\u0119d\u0105ce cz\u0142onkami Komitetu na dan\u0105 kadencj\u0119.<\/p>\n\n\n\n<p>4. Przewodnicz\u0105cego Komitetu, wybranego na pierwszym zebraniu plenarnym Komitetu w nowej kadencji, powo\u0142uje Prezydium Polskiej Akademii Nauk, po przedstawieniu wniosku przez Dziekana Wydzia\u0142u.<\/p>\n\n\n\n<p>5. Zast\u0119pc\u00f3w przewodnicz\u0105cego, sekretarza i cz\u0142onk\u00f3w Prezydium Komitetu \u2013 wybranych na zebraniu plenarnym Komitetu \u2013 powo\u0142uje Dziekan Wydzia\u0142u.<\/p>\n\n\n\n<p>6. W posiedzeniach Prezydium Komitetu mog\u0105 uczestniczy\u0107, bez g\u0142osu stanowi\u0105cego cz\u0142onkowie honorowi Komitetu albo przewodnicz\u0105cy komisji, sekcji lub zespo\u0142\u00f3w Komitetu (o ile Komitet utworzy\u0142 takie jednostki) i redaktorzy naczelni wydawnictw Komitetu oraz przedstawiciele specjalistycznych towarzystw naukowych. Uchwa\u0142\u0119 w tej sprawie podejmuje i dokonuje wybor\u00f3w zebranie plenarne Komitetu.<\/p>\n\n\n\n<p class=\"has-text-align-center\">\u00a7 10<\/p>\n\n\n\n<ol type=\"1\"><li>Do zada\u0144 Prezydium Komitetu nale\u017cy kierowanie pracami Komitetu, przygotowywanie projekt\u00f3w uchwa\u0142, podejmowanie uchwa\u0142 we wszystkich istotnych merytorycznie i porz\u0105dkowo sprawach dotycz\u0105cych funkcjonowania Komitetu i realizacji jego zada\u0144, przygotowanie&nbsp; plan\u00f3w pracy i sprawozda\u0144 z dzia\u0142alno\u015bci Komitetu, wykonywanie uchwa\u0142 zebrania plenarnego oraz podejmowanie decyzji w sprawach przekazanych przez zebranie plenarne Komitetu, przez Wydzia\u0142 lub przez Prezydium Polskiej Akademii Nauk, o ile decyzje te nie wymagaj\u0105 zgody zebrania plenarnego Komitetu.<\/li><li>Do wa\u017cno\u015bci uchwa\u0142 Prezydium Komitetu wymagana jest zwyk\u0142a wi\u0119kszo\u015b\u0107 g\u0142os\u00f3w przy obecno\u015bci co najmniej po\u0142owy liczby jego cz\u0142onk\u00f3w. W razie r\u00f3wnej liczby g\u0142os\u00f3w rozstrzyga g\u0142os przewodnicz\u0105cego zebrania.<\/li><\/ol>\n\n\n\n<p class=\"has-text-align-center\">\u00a7 11<\/p>\n\n\n\n<p>1. Zebrania plenarne Komitetu odbywaj\u0105 si\u0119 w miar\u0119 potrzeby, nie rzadziej jednak ni\u017c dwa razy w roku.<\/p>\n\n\n\n<p>2. Dla wa\u017cno\u015bci uchwa\u0142 organ\u00f3w kolegialnych Komitetu wymagana jest zwyk\u0142a wi\u0119kszo\u015b\u0107 g\u0142os\u00f3w, przy obecno\u015bci co najmniej po\u0142owy og\u00f3lnej liczby cz\u0142onk\u00f3w danego organu. W razie r\u00f3wnej liczby g\u0142os\u00f3w rozstrzyga g\u0142os przewodnicz\u0105cego.<\/p>\n\n\n\n<p>3. Mi\u0119dzy posiedzeniami Przewodnicz\u0105cy Komitetu lub upowa\u017cniony przez niego Zast\u0119pca w sprawach nie zastrze\u017conych do rozstrzygania na posiedzeniach planarnych Komitetu mo\u017ce zarz\u0105dzi\u0107 g\u0142osowanie z wykorzystaniem \u015brodk\u00f3w komunikacji elektronicznej. G\u0142osowanie jest wa\u017cne, je\u015bli spe\u0142nione s\u0105 nast\u0119puj\u0105ce cztery warunki:<br>a) zostanie og\u0142oszone co najmniej na 3 dni przed terminem nadsy\u0142ania g\u0142os\u00f3w,<br>b) do czasu rozpocz\u0119cia g\u0142osowania w danej sprawie co najmniej 3 osoby nie zg\u0142osz\u0105 sprzeciwu wobec zastosowania tej formy g\u0142osowania<br>c) czas oddawania g\u0142os\u00f3w nie jest kr\u00f3tszy ni\u017c 3 pe\u0142ne doby, d) w g\u0142osowaniu we\u017amie udzia\u0142 co najmniej po\u0142owa og\u00f3lnej liczby cz\u0142onk\u00f3w Komitetu,<\/p>\n\n\n\n<p class=\"has-text-align-center\">\u00a7 12<\/p>\n\n\n\n<ol type=\"1\"><li>Dla wykonania ustawowych zada\u0144 Komitetu oraz wymienionych w \u00a7 3, zebranie plenarne Komitetu mo\u017ce tworzy\u0107, w drodze uchwa\u0142y zgodnie z \u00a7 5 pkt. 6-9 Regulaminu trybu wybor\u00f3w cz\u0142onk\u00f3w i organ\u00f3w komitet\u00f3w naukowych, wewn\u0119trzne jednostki organizacyjne: komisje, sekcje lub zespo\u0142y zadaniowe. Dziekan Wydzia\u0142u mo\u017ce zg\u0142osi\u0107 uwagi lub zastrze\u017cenia do uchwa\u0142y w sprawie utworzenia komisji, sekcji czy zespo\u0142u (tzw. wewn\u0119trznych jednostek organizacyjnych).<\/li><li>Cz\u0142onkowie komisji, sekcji lub zespo\u0142\u00f3w s\u0105 wybierani w drodze uchwa\u0142y przez zebranie plenarne Komitetu. Przewodnicz\u0105cego, jego zast\u0119pc\u00f3w lub zast\u0119pc\u0119 oraz sekretarza \u2013 o ile ich powo\u0142anie jest uzasadnione \u2013 komisji, sekcji lub zespo\u0142u, powo\u0142uje Dziekan Wydzia\u0142u.<\/li><li>W sk\u0142ad komisji lub sekcji Komitetu mog\u0105 wchodzi\u0107 r\u00f3wnie\u017c osoby nieb\u0119d\u0105ce cz\u0142onkami Komitetu, z zastrze\u017ceniem, \u017ce przewodnicz\u0105cym sekcji i komisji mog\u0105 by\u0107 wy\u0142\u0105cznie cz\u0142onkowie Komitetu.<\/li><li>Jako komisje lub sekcje Komitetu mog\u0105 dzia\u0142a\u0107 sekcje krajowe mi\u0119dzynarodowych unii i stowarzysze\u0144 naukowych. Ich powo\u0142anie odbywa si\u0119 na zasadach okre\u015blonych w ustawieo Polskiej Akademii Nauk oraz w Statucie Polskiej Akademii Nauk.<\/li><\/ol>\n\n\n\n<p class=\"has-text-align-center\">\u00a7 13<\/p>\n\n\n\n<ol type=\"1\"><li>Komitet wsp\u00f3\u0142wydaje z Wydzia\u0142em Filozofii Uniwersytetu Warszawskiego czasopismo pt. <em>Przegl\u0105d Filozoficzny \u2013 Nowa Seria<\/em> oraz dokonuje przynajmniej raz w roku oceny jego poziomu naukowego (merytorycznego). Wspomaga merytorycznie r\u00f3wnie\u017c inne czasopisma zajmuj\u0105ce si\u0119 problematyk\u0105 zwi\u0105zan\u0105 z naukami obj\u0119tymi zakresem dzia\u0142alno\u015bci Komitetu.<\/li><li>Redaktora Naczelnego <em>Przegl\u0105du Filozoficznego<\/em>, na wsp\u00f3lny wniosek przewodnicz\u0105cego Komitetu i dziekana Wydzia\u0142u Filozofii UW, powo\u0142uje Dziekan Wydzia\u0142u I Polskiej Akademii Nauk. Komitet redakcyjny powo\u0142uje Dziekan Wydzia\u0142u I Polskiej Akademii Nauk na wniosek redaktora naczelnego. Redakcje powo\u0142uje redaktor naczelny.<\/li><\/ol>\n","protected":false},"excerpt":{"rendered":"<p>The Statute of the Committe is available in Polish only. This is the complete text of this Statute: Regulamin Komitetu Nauk FilozoficznychPolskiej Akademii Nauk Uchwalony na zebraniu plenarnym Komitetuw dniu 25 wrze\u015bnia&nbsp;2020 roku \u00a7 1 Niniejszy regulamin Komitetu Nauk Filozoficznych Polskiej Akademii Nauk, zwanego w dalszej cz\u0119\u015bci regulaminu \u201eKomitetem\u201d, uchwalony zosta\u0142 na posiedzeniu plenarnym Komitetu &hellip; <a href=\"https:\/\/oldknf.pan.pl\/?page_id=110&#038;lang=en\" class=\"more-link\">Czytaj dalej<span class=\"screen-reader-text\"> Statute<\/span><\/a><\/p>\n","protected":false},"author":2,"featured_media":0,"parent":0,"menu_order":0,"comment_status":"closed","ping_status":"closed","template":"","meta":[],"_links":{"self":[{"href":"https:\/\/oldknf.pan.pl\/index.php?rest_route=\/wp\/v2\/pages\/110"}],"collection":[{"href":"https:\/\/oldknf.pan.pl\/index.php?rest_route=\/wp\/v2\/pages"}],"about":[{"href":"https:\/\/oldknf.pan.pl\/index.php?rest_route=\/wp\/v2\/types\/page"}],"author":[{"embeddable":true,"href":"https:\/\/oldknf.pan.pl\/index.php?rest_route=\/wp\/v2\/users\/2"}],"replies":[{"embeddable":true,"href":"https:\/\/oldknf.pan.pl\/index.php?rest_route=%2Fwp%2Fv2%2Fcomments&post=110"}],"version-history":[{"count":4,"href":"https:\/\/oldknf.pan.pl\/index.php?rest_route=\/wp\/v2\/pages\/110\/revisions"}],"predecessor-version":[{"id":211,"href":"https:\/\/oldknf.pan.pl\/index.php?rest_route=\/wp\/v2\/pages\/110\/revisions\/211"}],"wp:attachment":[{"href":"https:\/\/oldknf.pan.pl\/index.php?rest_route=%2Fwp%2Fv2%2Fmedia&parent=110"}],"curies":[{"name":"wp","href":"https:\/\/api.w.org\/{rel}","templated":true}]}}